{"id":1717,"date":"2014-12-01T18:48:19","date_gmt":"2014-12-01T16:48:19","guid":{"rendered":"http:\/\/tps-kannattajat.net\/site\/?page_id=1717"},"modified":"2024-03-06T09:46:01","modified_gmt":"2024-03-06T07:46:01","slug":"vierasmatkat-2","status":"publish","type":"page","link":"https:\/\/tps-kannattajat.net\/site\/vierasmatkat-2\/","title":{"rendered":"Vierasmatkat"},"content":{"rendered":"<p>Kannattajien j\u00e4rjest\u00e4mille vierasmatkoille ilmoittaudutaan etuk\u00e4teen joko <strong>s\u00e4hk\u00f6postilla<\/strong> info@tps-kannattajat.net tai <strong>rekister\u00f6idyll\u00e4 nimimerkill\u00e4<\/strong> keskustelufoorumille. Ilmoittautumiset ovat sitovia. Matkat maksetaan bussissa k\u00e4teisell\u00e4.<\/p>\n","protected":false},"excerpt":{"rendered":"<p>Kannattajien j\u00e4rjest\u00e4mille vierasmatkoille ilmoittaudutaan etuk\u00e4teen joko s\u00e4hk\u00f6postilla info@tps-kannattajat.net tai rekister\u00f6idyll\u00e4 nimimerkill\u00e4 keskustelufoorumille. Ilmoittautumiset ovat sitovia. Matkat maksetaan bussissa k\u00e4teisell\u00e4.<\/p>\n","protected":false},"author":1,"featured_media":2334,"parent":0,"menu_order":0,"comment_status":"closed","ping_status":"open","template":"","meta":{"footnotes":"","_links_to":"","_links_to_target":""},"class_list":["post-1717","page","type-page","status-publish","has-post-thumbnail"],"_links":{"self":[{"href":"https:\/\/tps-kannattajat.net\/site\/wp-json\/wp\/v2\/pages\/1717","targetHints":{"allow":["GET"]}}],"collection":[{"href":"https:\/\/tps-kannattajat.net\/site\/wp-json\/wp\/v2\/pages"}],"about":[{"href":"https:\/\/tps-kannattajat.net\/site\/wp-json\/wp\/v2\/types\/page"}],"author":[{"embeddable":true,"href":"https:\/\/tps-kannattajat.net\/site\/wp-json\/wp\/v2\/users\/1"}],"replies":[{"embeddable":true,"href":"https:\/\/tps-kannattajat.net\/site\/wp-json\/wp\/v2\/comments?post=1717"}],"version-history":[{"count":3,"href":"https:\/\/tps-kannattajat.net\/site\/wp-json\/wp\/v2\/pages\/1717\/revisions"}],"predecessor-version":[{"id":1984,"href":"https:\/\/tps-kannattajat.net\/site\/wp-json\/wp\/v2\/pages\/1717\/revisions\/1984"}],"wp:featuredmedia":[{"embeddable":true,"href":"https:\/\/tps-kannattajat.net\/site\/wp-json\/wp\/v2\/media\/2334"}],"wp:attachment":[{"href":"https:\/\/tps-kannattajat.net\/site\/wp-json\/wp\/v2\/media?parent=1717"}],"curies":[{"name":"wp","href":"https:\/\/api.w.org\/{rel}","templated":true}]}}