{"id":2,"date":"2010-10-25T14:27:52","date_gmt":"2010-10-25T14:27:52","guid":{"rendered":"http:\/\/tps-kannattajat.net\/site3\/?page_id=2"},"modified":"2024-03-06T09:37:31","modified_gmt":"2024-03-06T07:37:31","slug":"about","status":"publish","type":"page","link":"https:\/\/tps-kannattajat.net\/site\/about\/","title":{"rendered":"Info"},"content":{"rendered":"<p>TPS-kannattajat on kaikille avoin ja rekister\u00f6im\u00e4t\u00f6n yhteis\u00f6, jonka toimintaan osallistuvat kannattavat Turun Palloseuraa yli lajirajojen jalkapallosta keilailuun. TPS-kannattajilla ei ole virallista yhteytt\u00e4 Turun Palloseura ry:hyn, sen alaisiin alayhdistyksiin tai osakeyhti\u00f6ihin. TPS-kannattajat tekee kuitenkin tarvittaessa yhteisty\u00f6t\u00e4 edell\u00e4 mainittujen tahojen kanssa.<\/p>\n<p>TPS-kannattajat pyrkii luomaan TPS:lle lajirajat ylitt\u00e4v\u00e4\u00e4 seurakulttuuria. TPS-kannattajat j\u00e4rjest\u00e4\u00e4 matkoja TPS:n vierasotteluihin. Yhteis\u00f6 ei tavoittele taloudellista voittoa. Vierasreissut toteutetaan nollatuloksella, katsomokoreografiat omakustanteisesti ja erilaisin tuotemyynnein.<\/p>\n<p>Tervetuloa mukaan!<\/p>\n<p><span style=\"color: #ffcc00;\"><strong>Yhteydenotot:<\/strong><\/span><br \/>\ninfo(at)tps-kannattajat.net, sosiaalisen median kautta tai <a href=\"http:\/\/tps-kannattajat.net\/site\/yhteystiedot\/\">yhteydenottolomakkeella.<\/a><\/p>\n<p><span style=\"color: #ffcc00;\"><strong>Mist\u00e4 meid\u00e4t l\u00f6yt\u00e4\u00e4?<\/strong><\/span><br \/>\n<strong>J\u00e4\u00e4kiekko:<\/strong>&nbsp;Gatorade Center, B4\/C1 (Mutka)<br \/>\n<strong>Jalkapallo:<\/strong> Veritas Stadion, P\u00e4\u00e4katsomo, A-lohko<\/p>\n<p><a href=\"https:\/\/www.facebook.com\/TPSkannattajat\" target=\"_blank\" rel=\"noopener noreferrer\"><img loading=\"lazy\" decoding=\"async\" class=\" wp-image-1990 size-medium alignleft\" src=\"http:\/\/tps-kannattajat.net\/site3\/wp-content\/uploads\/2010\/10\/kartta-300x255.jpg\" alt=\"kartta\" width=\"300\" height=\"255\" srcset=\"https:\/\/tps-kannattajat.net\/site3\/wp-content\/uploads\/2010\/10\/kartta-300x255.jpg 300w, https:\/\/tps-kannattajat.net\/site3\/wp-content\/uploads\/2010\/10\/kartta.jpg 471w\" sizes=\"auto, (max-width: 300px) 100vw, 300px\" \/><\/a><img loading=\"lazy\" decoding=\"async\" class=\"wp-image-3320 alignnone\" src=\"http:\/\/tps-kannattajat.net\/site3\/wp-content\/uploads\/2010\/10\/veritaskartta.png\" width=\"319\" height=\"253\" srcset=\"https:\/\/tps-kannattajat.net\/site3\/wp-content\/uploads\/2010\/10\/veritaskartta.png 750w, https:\/\/tps-kannattajat.net\/site3\/wp-content\/uploads\/2010\/10\/veritaskartta-768x609.png 768w\" sizes=\"auto, (max-width: 319px) 100vw, 319px\" \/><\/p>\n<p><span style=\"color: #ffcc00;\"><strong>TPS-kannattajien logot:<\/strong><\/span><\/p>\n<p><img loading=\"lazy\" decoding=\"async\" class=\" size-medium wp-image-2132 alignleft\" src=\"http:\/\/tps-kannattajat.net\/site3\/wp-content\/uploads\/2010\/10\/1557624_720237238019937_1474719244_n-300x300.jpg\" alt=\"1557624_720237238019937_1474719244_n\" width=\"300\" height=\"300\"><img loading=\"lazy\" decoding=\"async\" class=\" size-medium wp-image-2133 alignnone\" src=\"http:\/\/tps-kannattajat.net\/site3\/wp-content\/uploads\/2010\/10\/1926301_718588781518116_1252254916_o-300x300.png\" alt=\"1926301_718588781518116_1252254916_o\" width=\"300\" height=\"300\" srcset=\"https:\/\/tps-kannattajat.net\/site3\/wp-content\/uploads\/2010\/10\/1926301_718588781518116_1252254916_o-300x300.png 300w, https:\/\/tps-kannattajat.net\/site3\/wp-content\/uploads\/2010\/10\/1926301_718588781518116_1252254916_o-150x150.png 150w, https:\/\/tps-kannattajat.net\/site3\/wp-content\/uploads\/2010\/10\/1926301_718588781518116_1252254916_o-1024x1024.png 1024w\" sizes=\"auto, (max-width: 300px) 100vw, 300px\" \/><\/p>\n","protected":false},"excerpt":{"rendered":"<p>TPS-kannattajat on kaikille avoin ja rekister\u00f6im\u00e4t\u00f6n yhteis\u00f6, jonka toimintaan osallistuvat kannattavat Turun Palloseuraa yli lajirajojen jalkapallosta keilailuun. TPS-kannattajilla ei ole &#8230; <a class=\"read-more\" href=\"https:\/\/tps-kannattajat.net\/site\/about\/\">LUE LIS\u00c4\u00c4<\/a><\/p>\n","protected":false},"author":1,"featured_media":0,"parent":0,"menu_order":0,"comment_status":"closed","ping_status":"open","template":"","meta":{"footnotes":"","_links_to":"","_links_to_target":""},"class_list":["post-2","page","type-page","status-publish"],"_links":{"self":[{"href":"https:\/\/tps-kannattajat.net\/site\/wp-json\/wp\/v2\/pages\/2","targetHints":{"allow":["GET"]}}],"collection":[{"href":"https:\/\/tps-kannattajat.net\/site\/wp-json\/wp\/v2\/pages"}],"about":[{"href":"https:\/\/tps-kannattajat.net\/site\/wp-json\/wp\/v2\/types\/page"}],"author":[{"embeddable":true,"href":"https:\/\/tps-kannattajat.net\/site\/wp-json\/wp\/v2\/users\/1"}],"replies":[{"embeddable":true,"href":"https:\/\/tps-kannattajat.net\/site\/wp-json\/wp\/v2\/comments?post=2"}],"version-history":[{"count":32,"href":"https:\/\/tps-kannattajat.net\/site\/wp-json\/wp\/v2\/pages\/2\/revisions"}],"predecessor-version":[{"id":5979,"href":"https:\/\/tps-kannattajat.net\/site\/wp-json\/wp\/v2\/pages\/2\/revisions\/5979"}],"wp:attachment":[{"href":"https:\/\/tps-kannattajat.net\/site\/wp-json\/wp\/v2\/media?parent=2"}],"curies":[{"name":"wp","href":"https:\/\/api.w.org\/{rel}","templated":true}]}}