{"id":5570,"date":"2024-03-06T09:00:54","date_gmt":"2024-03-06T07:00:54","guid":{"rendered":"https:\/\/tps-kannattajat.net\/site\/?page_id=5570"},"modified":"2024-03-06T09:05:16","modified_gmt":"2024-03-06T07:05:16","slug":"vartti-ja-forteen-podcast","status":"publish","type":"page","link":"https:\/\/tps-kannattajat.net\/site\/vartti-ja-forteen-podcast\/","title":{"rendered":"Vartti ja Forteen -podcast"},"content":{"rendered":"\n<p>TPS-kannattajien yll\u00e4pit\u00e4m\u00e4 podcast. Keskustelua laidasta laitaan maailman kauneimpaan Seuraan liittyen.<\/p>\n\n\n\n<p>Kuunneltavissa <a href=\"https:\/\/open.spotify.com\/show\/24uFQE77ryZU2wJjwqvN2U\">Spotifyssa <\/a>ja <a href=\"https:\/\/soundcloud.com\/varttijaforteen\">SoundCloudissa<\/a>.<\/p>\n","protected":false},"excerpt":{"rendered":"<p>TPS-kannattajien yll\u00e4pit\u00e4m\u00e4 podcast. Keskustelua laidasta laitaan maailman kauneimpaan Seuraan liittyen. Kuunneltavissa Spotifyssa ja SoundCloudissa.<\/p>\n","protected":false},"author":1,"featured_media":5572,"parent":0,"menu_order":0,"comment_status":"closed","ping_status":"closed","template":"","meta":{"footnotes":"","_links_to":"","_links_to_target":""},"class_list":["post-5570","page","type-page","status-publish","has-post-thumbnail"],"_links":{"self":[{"href":"https:\/\/tps-kannattajat.net\/site\/wp-json\/wp\/v2\/pages\/5570","targetHints":{"allow":["GET"]}}],"collection":[{"href":"https:\/\/tps-kannattajat.net\/site\/wp-json\/wp\/v2\/pages"}],"about":[{"href":"https:\/\/tps-kannattajat.net\/site\/wp-json\/wp\/v2\/types\/page"}],"author":[{"embeddable":true,"href":"https:\/\/tps-kannattajat.net\/site\/wp-json\/wp\/v2\/users\/1"}],"replies":[{"embeddable":true,"href":"https:\/\/tps-kannattajat.net\/site\/wp-json\/wp\/v2\/comments?post=5570"}],"version-history":[{"count":2,"href":"https:\/\/tps-kannattajat.net\/site\/wp-json\/wp\/v2\/pages\/5570\/revisions"}],"predecessor-version":[{"id":5574,"href":"https:\/\/tps-kannattajat.net\/site\/wp-json\/wp\/v2\/pages\/5570\/revisions\/5574"}],"wp:featuredmedia":[{"embeddable":true,"href":"https:\/\/tps-kannattajat.net\/site\/wp-json\/wp\/v2\/media\/5572"}],"wp:attachment":[{"href":"https:\/\/tps-kannattajat.net\/site\/wp-json\/wp\/v2\/media?parent=5570"}],"curies":[{"name":"wp","href":"https:\/\/api.w.org\/{rel}","templated":true}]}}